{"id":51,"date":"2016-01-23T16:22:48","date_gmt":"2016-01-23T16:22:48","guid":{"rendered":"http:\/\/revesdewhisky.ch\/WP_Extra\/?page_id=51"},"modified":"2024-11-28T11:04:11","modified_gmt":"2024-11-28T10:04:11","slug":"contact","status":"publish","type":"page","link":"https:\/\/www.revesdewhisky.ch\/WP_Extra\/contact\/","title":{"rendered":"Contact"},"content":{"rendered":"<div id=\"pl-51\"  class=\"panel-layout\" ><div id=\"pg-51-0\"  class=\"panel-grid panel-has-style\" ><div class=\"siteorigin-panels-stretch panel-row-style panel-row-style-for-51-0\" data-stretch-type=\"full\" ><div id=\"pgc-51-0-0\"  class=\"panel-grid-cell\" ><div id=\"panel-51-0-0-0\" class=\"so-panel widget widget_sow-google-map panel-first-child panel-last-child\" data-index=\"0\" ><div\n\t\t\t\n\t\t\tclass=\"so-widget-sow-google-map so-widget-sow-google-map-default-6b23895f316e-51\"\n\t\t\t\n\t\t>\n<div class=\"sow-google-map-canvas\"\n\tstyle=\"\"\n\tid=\"map-canvas-837d8186ba839a69d59becdc89346801\"\n\tdata-options=\"{&quot;address&quot;:&quot;R\\u00eaves de Whisky, Rue des Granges, 1170 Aubonne&quot;,&quot;zoom&quot;:12,&quot;mobileZoom&quot;:12,&quot;gestureHandling&quot;:&quot;greedy&quot;,&quot;disableUi&quot;:&quot;&quot;,&quot;markerIcon&quot;:false,&quot;markersDraggable&quot;:false,&quot;markerAtCenter&quot;:true,&quot;markerInfoDisplay&quot;:&quot;click&quot;,&quot;markerInfoMultiple&quot;:true,&quot;markerPositions&quot;:false,&quot;mapName&quot;:false,&quot;mapStyles&quot;:false,&quot;directions&quot;:&quot;&quot;,&quot;apiKey&quot;:&quot;AIzaSyBothDczkc8V5kPdSQLkngbyw1ivQSBz_4&quot;,&quot;breakpoint&quot;:780,&quot;id&quot;:&quot;6a032e&quot;}\"\n\tdata-fallback-image=\"{&quot;img&quot;:&quot;&quot;}\"><\/div>\n<\/div><\/div><\/div><\/div><\/div><div id=\"pg-51-1\"  class=\"panel-grid panel-no-style\" ><div id=\"pgc-51-1-0\"  class=\"panel-grid-cell\" ><div id=\"panel-51-1-0-0\" class=\"so-panel widget widget_black-studio-tinymce widget_black_studio_tinymce panel-first-child\" data-index=\"1\" ><h3 class=\"widget-title\">R\u00eaves de Whisky<\/h3><div class=\"textwidget\"><p>est un magasin en ligne depuis 2012 et aussi une enseigne \u00e0 Aubonne. Sp\u00e9cialiste du whisky, nous s\u00e9lectionnons des produits qui nous plaisent avant tout et ceci pour votre plus grand plaisir. Vous trouverez chez nous des whiskies du monde entier avec plus de 500 r\u00e9f\u00e9rences et chaque mois des nouveaut\u00e9s, et aussi une fine s\u00e9lection de rhums.<\/p>\n<p>Nous nous ferons un plaisir de vous conseiller pour un whisky que ce soit pour votre propre plaisir gustatif ou pour offrir le parfait cadeau. Vous pouvez aussi nous trouver dans la belle ville d'Aubonne situ\u00e9e entre Gen\u00e8ve et Lausanne selon horaires et \u00e9galement sur rendez-vous :<\/p>\n<p><strong>du mercredi au samedi de 9h30 \u00e0 12h30, les apr\u00e8s-midis de 16h \u00e0 19h.<\/strong><\/p>\n<p>&nbsp;<\/p>\n<p style=\"text-align: left;\">Rue des Granges<br \/>\n1170 Aubonne<br \/>\n+ 41 (0) 79 502 08 41<\/p>\n<hr \/>\n<\/div><\/div><div id=\"panel-51-1-0-1\" class=\"so-panel widget widget_black-studio-tinymce widget_black_studio_tinymce panel-last-child\" data-index=\"2\" ><div class=\"panel-widget-style panel-widget-style-for-51-1-0-1\" ><div class=\"textwidget\"><p><span class=\"\" style=\"display:block;clear:both;height: 0px;padding-top: 380px;border-top-width:0px;border-bottom-width:0px;\"><\/span><\/p>\n<p><span style=\"color: #ffffff;\">\u00a0 \u00a0 La route du whisky<\/span><\/p>\n<\/div><\/div><\/div><\/div><div id=\"pgc-51-1-1\"  class=\"panel-grid-cell\" ><div id=\"panel-51-1-1-0\" class=\"so-panel widget widget_black-studio-tinymce widget_black_studio_tinymce panel-first-child panel-last-child\" data-index=\"3\" ><div class=\"textwidget\"><p>\n<div class=\"wpcf7 no-js\" id=\"wpcf7-f60-o1\" lang=\"fr-FR\" dir=\"ltr\" data-wpcf7-id=\"60\">\n<div class=\"screen-reader-response\"><p role=\"status\" aria-live=\"polite\" aria-atomic=\"true\"><\/p> <ul><\/ul><\/div>\n<form action=\"\/WP_Extra\/wp-json\/wp\/v2\/pages\/51#wpcf7-f60-o1\" method=\"post\" class=\"wpcf7-form init\" aria-label=\"Formulaire de contact\" novalidate=\"novalidate\" data-status=\"init\">\n<div style=\"display: none;\">\n<input type=\"hidden\" name=\"_wpcf7\" value=\"60\" \/>\n<input type=\"hidden\" name=\"_wpcf7_version\" value=\"6.0.6\" \/>\n<input type=\"hidden\" name=\"_wpcf7_locale\" value=\"fr_FR\" \/>\n<input type=\"hidden\" name=\"_wpcf7_unit_tag\" value=\"wpcf7-f60-o1\" \/>\n<input type=\"hidden\" name=\"_wpcf7_container_post\" value=\"0\" \/>\n<input type=\"hidden\" name=\"_wpcf7_posted_data_hash\" value=\"\" \/>\n<input type=\"hidden\" name=\"_wpcf7_recaptcha_response\" value=\"\" \/>\n<\/div>\n<p>Votre nom (obligatoire)\n<\/p>\n<p><span class=\"wpcf7-form-control-wrap\" data-name=\"your-name\"><input size=\"40\" maxlength=\"400\" class=\"wpcf7-form-control wpcf7-text wpcf7-validates-as-required\" aria-required=\"true\" aria-invalid=\"false\" value=\"\" type=\"text\" name=\"your-name\" \/><\/span>\n<\/p>\n<p>Votre email (obligatoire)\n<\/p>\n<p><span class=\"wpcf7-form-control-wrap\" data-name=\"your-email\"><input size=\"40\" maxlength=\"400\" class=\"wpcf7-form-control wpcf7-email wpcf7-validates-as-required wpcf7-text wpcf7-validates-as-email\" aria-required=\"true\" aria-invalid=\"false\" value=\"\" type=\"email\" name=\"your-email\" \/><\/span>\n<\/p>\n<p>Sujet\n<\/p>\n<p><span class=\"wpcf7-form-control-wrap\" data-name=\"your-subject\"><input size=\"40\" maxlength=\"400\" class=\"wpcf7-form-control wpcf7-text\" aria-invalid=\"false\" value=\"\" type=\"text\" name=\"your-subject\" \/><\/span>\n<\/p>\n<p>Votre message\n<\/p>\n<p><span class=\"wpcf7-form-control-wrap\" data-name=\"your-message\"><textarea cols=\"40\" rows=\"10\" maxlength=\"2000\" class=\"wpcf7-form-control wpcf7-textarea\" aria-invalid=\"false\" name=\"your-message\"><\/textarea><\/span>\n<\/p>\n<p><input class=\"wpcf7-form-control wpcf7-submit has-spinner\" type=\"submit\" value=\"Envoyer\" \/>\n<\/p><div class=\"wpcf7-response-output\" aria-hidden=\"true\"><\/div>\n<\/form>\n<\/div>\n<\/p>\n<\/div><\/div><\/div><\/div><\/div>","protected":false},"excerpt":{"rendered":"<p>est un magasin en ligne depuis 2012 et aussi une enseigne \u00e0 Aubonne. Sp\u00e9cialiste du whisky, nous s\u00e9lectionnons des produits qui nous plaisent avant tout et ceci pour votre plus grand plaisir. Vous trouverez chez nous des whiskies du monde entier avec plus de 500 r\u00e9f\u00e9rences et chaque mois des nouveaut\u00e9s, et aussi une fine [&hellip;]<\/p>\n","protected":false},"author":1,"featured_media":0,"parent":0,"menu_order":0,"comment_status":"closed","ping_status":"closed","template":"templates\/template-full-notitle.php","meta":{"footnotes":""},"class_list":["post-51","page","type-page","status-publish","hentry","post"],"_links":{"self":[{"href":"https:\/\/www.revesdewhisky.ch\/WP_Extra\/wp-json\/wp\/v2\/pages\/51","targetHints":{"allow":["GET"]}}],"collection":[{"href":"https:\/\/www.revesdewhisky.ch\/WP_Extra\/wp-json\/wp\/v2\/pages"}],"about":[{"href":"https:\/\/www.revesdewhisky.ch\/WP_Extra\/wp-json\/wp\/v2\/types\/page"}],"author":[{"embeddable":true,"href":"https:\/\/www.revesdewhisky.ch\/WP_Extra\/wp-json\/wp\/v2\/users\/1"}],"replies":[{"embeddable":true,"href":"https:\/\/www.revesdewhisky.ch\/WP_Extra\/wp-json\/wp\/v2\/comments?post=51"}],"version-history":[{"count":94,"href":"https:\/\/www.revesdewhisky.ch\/WP_Extra\/wp-json\/wp\/v2\/pages\/51\/revisions"}],"predecessor-version":[{"id":1603,"href":"https:\/\/www.revesdewhisky.ch\/WP_Extra\/wp-json\/wp\/v2\/pages\/51\/revisions\/1603"}],"wp:attachment":[{"href":"https:\/\/www.revesdewhisky.ch\/WP_Extra\/wp-json\/wp\/v2\/media?parent=51"}],"curies":[{"name":"wp","href":"https:\/\/api.w.org\/{rel}","templated":true}]}}