{"id":45,"date":"2016-01-23T16:21:29","date_gmt":"2016-01-23T16:21:29","guid":{"rendered":"http:\/\/revesdewhisky.ch\/WP_Extra\/?page_id=45"},"modified":"2017-07-30T13:05:39","modified_gmt":"2017-07-30T12:05:39","slug":"about","status":"publish","type":"page","link":"https:\/\/www.revesdewhisky.ch\/WP_Extra\/about\/","title":{"rendered":"About"},"content":{"rendered":"<div id=\"pl-45\"  class=\"panel-layout\" ><div id=\"pg-45-0\"  class=\"panel-grid panel-no-style\" ><div id=\"pgc-45-0-0\"  class=\"panel-grid-cell\" ><div id=\"panel-45-0-0-0\" class=\"so-panel widget widget_black-studio-tinymce widget_black_studio_tinymce panel-first-child panel-last-child\" data-index=\"0\" ><div class=\"textwidget\"><p><span class=\"\" style=\"display:block;clear:both;height: 0px;padding-top: 15px;border-top-width:0px;border-bottom-width:0px;\"><\/span><img loading=\"lazy\" decoding=\"async\" class=\"aligncenter wp-image-138 size-medium\" src=\"http:\/\/revesdewhisky.ch\/WP_Extra\/wp-content\/uploads\/2016\/01\/DSCN1118-e1453646007672-293x300.jpg\" alt=\"DSCN1118\" width=\"293\" height=\"300\" srcset=\"https:\/\/www.revesdewhisky.ch\/WP_Extra\/wp-content\/uploads\/2016\/01\/DSCN1118-e1453646007672-293x300.jpg 293w, https:\/\/www.revesdewhisky.ch\/WP_Extra\/wp-content\/uploads\/2016\/01\/DSCN1118-e1453646007672-768x785.jpg 768w, https:\/\/www.revesdewhisky.ch\/WP_Extra\/wp-content\/uploads\/2016\/01\/DSCN1118-e1453646007672-1002x1024.jpg 1002w, https:\/\/www.revesdewhisky.ch\/WP_Extra\/wp-content\/uploads\/2016\/01\/DSCN1118-e1453646007672-830x849.jpg 830w, https:\/\/www.revesdewhisky.ch\/WP_Extra\/wp-content\/uploads\/2016\/01\/DSCN1118-e1453646007672-230x235.jpg 230w, https:\/\/www.revesdewhisky.ch\/WP_Extra\/wp-content\/uploads\/2016\/01\/DSCN1118-e1453646007672-350x358.jpg 350w, https:\/\/www.revesdewhisky.ch\/WP_Extra\/wp-content\/uploads\/2016\/01\/DSCN1118-e1453646007672-45x45.jpg 45w\" sizes=\"auto, (max-width: 293px) 100vw, 293px\" \/><\/p>\n<\/div><\/div><\/div><div id=\"pgc-45-0-1\"  class=\"panel-grid-cell\" ><div id=\"panel-45-0-1-0\" class=\"so-panel widget widget_black-studio-tinymce widget_black_studio_tinymce panel-first-child\" data-index=\"1\" ><div class=\"textwidget\"><p><span class=\"\" style=\"display:block;clear:both;height: 0px;padding-top: 15px;border-top-width:0px;border-bottom-width:0px;\"><\/span>C\u2019est la passion qui m\u2019anime pour ce nectar dor\u00e9 mais l\u2019histoire n\u2019a pas commenc\u00e9 comme cela. Pendant les ann\u00e9es 1990, mon int\u00e9r\u00eat \u00e9tait principalement centr\u00e9 sur les cocktails et autres spiritueux, pr\u00e9curseurs de cette \u00e9lan qui \u00e9volua petit \u00e0 petit vers l\u2019exploration des single malts. Mais quoi de mieux que de passer du temps en partageant un bon whisky avec des amis! C\u2019est dans cette id\u00e9e que j\u2019ai cr\u00e9\u00e9 en 2012, <a href=\"https:\/\/www.revesdewhisky.ch\" target=\"_blank\" rel=\"noopener\">R\u00eaves de Whisky<\/a> afin de vous proposer une s\u00e9lection personnel \u00e0 partager en bonne compagnie. Ma curiosit\u00e9 m\u2019am\u00e8ne r\u00e9guli\u00e8rement aux visites des distilleries, aux \u00e9v\u00e9nements et autres bars afin de d\u00e9guster et s\u00e9lectionner pour vous le meilleur whisky du moment.<\/p>\n<\/div><\/div><div id=\"panel-45-0-1-1\" class=\"so-panel widget widget_black-studio-tinymce widget_black_studio_tinymce panel-last-child\" data-index=\"2\" ><div class=\"textwidget\"><p><span class=\"\" style=\"display:block;clear:both;height: 0px;padding-top: 15px;border-top-width:0px;border-bottom-width:0px;\"><\/span>\u00a0<strong>SL\u00c1INTE !\u00a0\u00c0<\/strong><strong>\u00a0votre sant\u00e9!<\/strong><\/p>\n<p><span class=\"\" style=\"display:block;clear:both;height: 0px;padding-top: 160px;border-top-width:0px;border-bottom-width:0px;\"><\/span><\/p>\n<\/div><\/div><\/div><\/div><\/div>","protected":false},"excerpt":{"rendered":"<p>C\u2019est la passion qui m\u2019anime pour ce nectar dor\u00e9 mais l\u2019histoire n\u2019a pas commenc\u00e9 comme cela. Pendant les ann\u00e9es 1990, mon int\u00e9r\u00eat \u00e9tait principalement centr\u00e9 sur les cocktails et autres spiritueux, pr\u00e9curseurs de cette \u00e9lan qui \u00e9volua petit \u00e0 petit vers l\u2019exploration des single malts. Mais quoi de mieux que de passer du temps en [&hellip;]<\/p>\n","protected":false},"author":1,"featured_media":0,"parent":0,"menu_order":0,"comment_status":"closed","ping_status":"closed","template":"templates\/template-full-notitle.php","meta":{"footnotes":""},"class_list":["post-45","page","type-page","status-publish","hentry","post"],"_links":{"self":[{"href":"https:\/\/www.revesdewhisky.ch\/WP_Extra\/wp-json\/wp\/v2\/pages\/45","targetHints":{"allow":["GET"]}}],"collection":[{"href":"https:\/\/www.revesdewhisky.ch\/WP_Extra\/wp-json\/wp\/v2\/pages"}],"about":[{"href":"https:\/\/www.revesdewhisky.ch\/WP_Extra\/wp-json\/wp\/v2\/types\/page"}],"author":[{"embeddable":true,"href":"https:\/\/www.revesdewhisky.ch\/WP_Extra\/wp-json\/wp\/v2\/users\/1"}],"replies":[{"embeddable":true,"href":"https:\/\/www.revesdewhisky.ch\/WP_Extra\/wp-json\/wp\/v2\/comments?post=45"}],"version-history":[{"count":35,"href":"https:\/\/www.revesdewhisky.ch\/WP_Extra\/wp-json\/wp\/v2\/pages\/45\/revisions"}],"predecessor-version":[{"id":898,"href":"https:\/\/www.revesdewhisky.ch\/WP_Extra\/wp-json\/wp\/v2\/pages\/45\/revisions\/898"}],"wp:attachment":[{"href":"https:\/\/www.revesdewhisky.ch\/WP_Extra\/wp-json\/wp\/v2\/media?parent=45"}],"curies":[{"name":"wp","href":"https:\/\/api.w.org\/{rel}","templated":true}]}}